{"id":150,"date":"2015-04-08T15:01:03","date_gmt":"2015-04-08T15:01:03","guid":{"rendered":"http:\/\/lazaros.ca\/new\/?page_id=150"},"modified":"2018-12-14T21:14:58","modified_gmt":"2018-12-14T21:14:58","slug":"reparation","status":"publish","type":"page","link":"https:\/\/lazaros.ca\/fr\/reparation\/","title":{"rendered":"R\u00e9paration"},"content":{"rendered":"<div id=\"wb_Text5\"><strong>R\u00e9paration des collisions automobiles \u00e0 Montreal<\/strong><\/div>\n<div><\/div>\n<div id=\"wb_Text6\" style=\"text-align: justify;\">Cela arrive au meilleur d\u2019entre nous, chez Carrosserie Lazaros nous avons entendu toutes ces histoires se finissant par un client oblig\u00e9 de faire r\u00e9parer la carrosserie de son v\u00e9hicule accident\u00e9.\u201cNous attendions \u00e0 une lumi\u00e8re et quelqu\u2019un a frapp\u00e9 ma voiture\u201d, \u201cj\u2019ai frapp\u00e9 une plaque de glace et avant que je le r\u00e9alise, j\u2019avais perdu le contr\u00f4le et je me suis retrouv\u00e9 dans un lampadaire\u201d, \u201cMa voiture \u00e9tait gar\u00e9e au centre d\u2019achat et quelqu\u2019un l\u2019a \u00e9gratign\u00e9 avec une clef \u201c.<\/p>\n<p>Peu importe la situation ou le type de dommage caus\u00e9s \u00e0 votre v\u00e9hicule, nous avons l\u2019\u00e9quipe pour g\u00e9rer efficacement la r\u00e9paration de votre v\u00e9hicule accident\u00e9 et ce, peu importe la gravit\u00e9. On ne r\u00e9pare pas la carrosserie d\u2019un v\u00e9hicule simplement avec du mastic et en vaporisant de la peinture. La r\u00e9paration apr\u00e8s-collision doit avant tout restaurer l\u2019int\u00e9grit\u00e9 structurelle de votre v\u00e9hicule. Un rien comme l\u2019installation inad\u00e9quate du pare-brise peut compromettre votre s\u00e9curit\u00e9 en cas d\u2019accident, c\u2019est pourquoi il est important de faire confiance \u00e0 une entreprise qui connait les meilleures techniques de r\u00e9paration de carrosserie exig\u00e9es par l\u2019industrie, en conformit\u00e9 aux normes OEM.<\/p>\n<\/div>\n<div><\/div>\n<div style=\"text-align: justify;\"><strong>R\u00e9parations de cadre automobile \u00e0 Montreal<\/strong><\/div>\n<div style=\"text-align: justify;\">Si votre voiture n\u00e9cessite une r\u00e9paration du cadre, il est probable que vous ayez eu un accident majeur. Les r\u00e9parations de ch\u00e2ssis monocorps n\u00e9cessitent une machine sp\u00e9ciale appel\u00e9e \u00abmachine \u00e0 redresser le cadre de voiture\u00bb ou \u00abredresseur de ch\u00e2ssis\u00bb. C\u2019est la partie essentielle de l\u2019\u00e9quipement du syst\u00e8me de r\u00e9paration par collision et elle est n\u00e9cessaire non seulement pour ramener la voiture \u00e0 sa longueur initiale, mais parfois pour redresser les impacts lat\u00e9raux, il faut une capacit\u00e9 de traction \u00e0 360 degr\u00e9s. Les dommages dus \u00e0 un accident majeur peuvent \u00eatre r\u00e9par\u00e9s avec un alignement correct du cadre, mais des r\u00e9parations incorrectes du ch\u00e2ssis peuvent entra\u00eener des difficult\u00e9s d\u2019alignement des roues et une usure anormale des pneus.<\/div>\n<div><\/div>\n<div><strong>R\u00e9clamation D\u2019Assurance Automobile<\/strong><\/div>\n<div><\/div>\n<div>Lazaros Auto Body s\u2019occupe des r\u00e9clamations d\u2019assurance automobile depuis plus de 25 ans. Toutes les r\u00e9clamations \u00e9tant uniques, il est important de faire appel \u00e0 un atelier de r\u00e9paration de carrosserie ayant des relations avec les experts aux r\u00e9clamations. Plusieurs fois, une fois le travail commenc\u00e9, des dommages collat\u00e9raux sur les panneaux et des pi\u00e8ces d\u00e9couvertes n\u2019ont pas pu \u00eatre constat\u00e9s lors de la premi\u00e8re inspection et l\u2019expert en assurances doit \u00eatre rappel\u00e9 pour examiner le probl\u00e8me et allouer des fonds suppl\u00e9mentaires. La premi\u00e8re \u00e9tape d\u2019une r\u00e9clamation pour accident de voiture consiste \u00e0 organiser un remorquage dans le garage ou \u00e0 appeler votre compagnie d\u2019assurance pour l\u2019informer de l\u2019accident afin de lui envoyer un expert en \u00e9valuation pour \u00e9valuer les dommages. En fonction de votre couverture, certains clients peuvent obtenir des voitures de remplacement et d\u2019autres, nous fournissons une voiture de courtoisie. De l\u00e0, notre personnel amical s\u2019attache \u00e0 ramener votre voiture \u00e0 son \u00e9tat d\u2019origine ou mieux.<\/div>\n<div><em><strong><br \/>\nExemples de compagnies d&#8217;assurance automobile<\/strong><\/em><\/div>\n<div>\n<ul>\n<li><strong><em>Allstate Canada<\/em><\/strong><\/li>\n<li><strong><em>Aviva Canada<\/em><\/strong><\/li>\n<li><strong><em>Belair Direct<\/em><\/strong><\/li>\n<li><em><strong>Assurances Automobile Desjardins<\/strong><\/em><\/li>\n<li><strong><em>Intact Assurance<\/em><\/strong><\/li>\n<li><strong><em>La Capitale<\/em><\/strong><\/li>\n<li><strong><em>TD Insurance<\/em><\/strong><\/li>\n<\/ul>\n<p><strong>Remorquage apr\u00e8s collision<\/strong><\/p>\n<p>Votre voiture a donc \u00e9t\u00e9 accident\u00e9e et est immobile, ou vous l\u2019avez ramen\u00e9e \u00e0 la maison seulement pour d\u00e9couvrir qu\u2019elle ne d\u00e9marrera pas le lendemain. Pas de probl\u00e8me, vous avez plusieurs options. Lorsque le chauffeur de la d\u00e9panneuse vient lui demander de remorquer la voiture vers Lazaros Auto Body situ\u00e9 \u00e0 l\u2019adresse suivante:<br \/>\n<strong><br \/>\nLazaros Autobody, 5449 Avenue Royalmount, Mont-Royal, QC H4P 2J8<br \/>\n<\/strong><\/p>\n<p>Vous pouvez \u00e9galement nous contacter directement et nous organiserons le remorquage vers notre \u00e9tablissement:<\/p>\n<p><strong>T\u00e9l\u00e9phone: (514) 994-6391 or ou \u00e9crivez-nous \u00e0\u00a0<a href=\"mailto:info@lazaros.ca\" target=\"_blank\" rel=\"noopener\">info@lazaros.ca<\/a><\/strong><\/p>\n<p>S\u2019il vous pla\u00eet laissez-nous savoir si vous avez une traction arri\u00e8re, 4 roues motrices, AWD, ou une moto car ces v\u00e9hicules n\u00e9cessitent g\u00e9n\u00e9ralement un remorquage \u00e0 plat ou des consid\u00e9rations sp\u00e9ciales.<\/p>\n<\/div>\n","protected":false},"excerpt":{"rendered":"<p>R\u00e9paration des collisions automobiles \u00e0 Montreal Cela arrive au meilleur d\u2019entre nous, chez Carrosserie Lazaros nous avons entendu toutes ces histoires se finissant par un client oblig\u00e9 de faire r\u00e9parer la carrosserie de son v\u00e9hicule accident\u00e9.\u201cNous attendions \u00e0 une lumi\u00e8re et quelqu\u2019un a frapp\u00e9 ma voiture\u201d, \u201cj\u2019ai frapp\u00e9 une plaque\u2026<\/p>\n<p class=\"continue-reading-button\"> <a class=\"continue-reading-link\" href=\"https:\/\/lazaros.ca\/fr\/reparation\/\">continuer la lecture<i class=\"crycon-right-dir\"><\/i><\/a><\/p>\n","protected":false},"author":2,"featured_media":199,"parent":0,"menu_order":0,"comment_status":"closed","ping_status":"open","template":"templates\/template-twocolumns-right.php","meta":{"footnotes":""},"class_list":["post-150","page","type-page","status-publish","has-post-thumbnail","hentry"],"_links":{"self":[{"href":"https:\/\/lazaros.ca\/fr\/wp-json\/wp\/v2\/pages\/150","targetHints":{"allow":["GET"]}}],"collection":[{"href":"https:\/\/lazaros.ca\/fr\/wp-json\/wp\/v2\/pages"}],"about":[{"href":"https:\/\/lazaros.ca\/fr\/wp-json\/wp\/v2\/types\/page"}],"author":[{"embeddable":true,"href":"https:\/\/lazaros.ca\/fr\/wp-json\/wp\/v2\/users\/2"}],"replies":[{"embeddable":true,"href":"https:\/\/lazaros.ca\/fr\/wp-json\/wp\/v2\/comments?post=150"}],"version-history":[{"count":0,"href":"https:\/\/lazaros.ca\/fr\/wp-json\/wp\/v2\/pages\/150\/revisions"}],"wp:featuredmedia":[{"embeddable":true,"href":"https:\/\/lazaros.ca\/fr\/wp-json\/wp\/v2\/media\/199"}],"wp:attachment":[{"href":"https:\/\/lazaros.ca\/fr\/wp-json\/wp\/v2\/media?parent=150"}],"curies":[{"name":"wp","href":"https:\/\/api.w.org\/{rel}","templated":true}]}}