{"id":602,"date":"2017-07-03T07:10:27","date_gmt":"2017-07-03T07:10:27","guid":{"rendered":"https:\/\/lazaros.ca\/test\/french-website\/wordpress\/?page_id=602"},"modified":"2018-12-14T16:17:16","modified_gmt":"2018-12-14T16:17:16","slug":"bosses","status":"publish","type":"page","link":"https:\/\/lazaros.ca\/fr\/bosses\/","title":{"rendered":"Bosses"},"content":{"rendered":"<div id=\"wb_Text5\"><strong>D\u00e9bosselage sans peinture<\/strong><\/div>\n<div id=\"wb_Text6\" style=\"text-align: justify;\">Enlever une bosse sur une carrosserie n\u2019est pas une mince affaire, il faut un sp\u00e9cialiste ayant la main ferme, les bons outils et des ann\u00e9es d&#8217;exp\u00e9rience. Fort heureusement Lazaros Auto Body a une \u00e9quipe sp\u00e9cialis\u00e9e poss\u00e9dant toutes ces comp\u00e9tences et m\u00eame plus.<br \/>\nBosses et \u00e9clats sur la carrosserie de votre v\u00e9hicule font partis des al\u00e9as de la vie, surtout si vous vous stationner \u00e0 l\u2019ext\u00e9rieur tous les jours. Pour les r\u00e9parations mineures et si la bosse est dans une zone accessible, nous avons tendance \u00e0 sugg\u00e9rer une technique moins invasive pour la lisser.<\/p>\n<p><strong>Lisser les bosses<\/strong><br \/>\nLisser les bosses sur votre carrosserie est un travail difficile que notre personne maitrise parfaitement. Nous devons d\u2019abord v\u00e9rifier s\u2019il est possible d\u2019acc\u00e9der \u00e0 l\u2019arri\u00e8re de la bosse. Une fois confirm\u00e9, notre sp\u00e9cialiste utilise des outils sp\u00e9cialement con\u00e7u pour lisser doucement la bosse, un centim\u00e8tre \u00e0 la fois. Cette technique est la meilleure pour r\u00e9parer les bosses suite \u00e0 une attaque de gr\u00eale ou suite \u00e0 des coups de portes au centre commercial.<br \/>\n<strong>Retouches des \u00e9clats &amp; \u00e9gratignures<\/strong><br \/>\nParfois, nous ne pouvons pas acc\u00e9der \u00e0 l&#8217;arri\u00e8re des \u00e9clats ou il y a une rayure trop profonde sur votre v\u00e9hicule. Ne vous inqui\u00e9tez pas, notre \u00e9quipe pourra sabler, remplir et peindre les rayures et les \u00e9clats de sorte que votre voiture soit comme \u00e0 sa sortie de l\u2019usine. Le panneau est r\u00e9par\u00e9 et brille comme un sou neuf, profitez-en pour faire polir tout le reste de votre voiture pour qu\u2019elle brille aussi comme une neuve.<\/p>\n<\/div>\n","protected":false},"excerpt":{"rendered":"<p>D\u00e9bosselage sans peinture Enlever une bosse sur une carrosserie n\u2019est pas une mince affaire, il faut un sp\u00e9cialiste ayant la main ferme, les bons outils et des ann\u00e9es d&#8217;exp\u00e9rience. Fort heureusement Lazaros Auto Body a une \u00e9quipe sp\u00e9cialis\u00e9e poss\u00e9dant toutes ces comp\u00e9tences et m\u00eame plus. Bosses et \u00e9clats sur la\u2026<\/p>\n<p class=\"continue-reading-button\"> <a class=\"continue-reading-link\" href=\"https:\/\/lazaros.ca\/fr\/bosses\/\">continuer la lecture<i class=\"crycon-right-dir\"><\/i><\/a><\/p>\n","protected":false},"author":2,"featured_media":199,"parent":0,"menu_order":0,"comment_status":"closed","ping_status":"closed","template":"templates\/template-twocolumns-right.php","meta":{"footnotes":""},"class_list":["post-602","page","type-page","status-publish","has-post-thumbnail","hentry"],"_links":{"self":[{"href":"https:\/\/lazaros.ca\/fr\/wp-json\/wp\/v2\/pages\/602","targetHints":{"allow":["GET"]}}],"collection":[{"href":"https:\/\/lazaros.ca\/fr\/wp-json\/wp\/v2\/pages"}],"about":[{"href":"https:\/\/lazaros.ca\/fr\/wp-json\/wp\/v2\/types\/page"}],"author":[{"embeddable":true,"href":"https:\/\/lazaros.ca\/fr\/wp-json\/wp\/v2\/users\/2"}],"replies":[{"embeddable":true,"href":"https:\/\/lazaros.ca\/fr\/wp-json\/wp\/v2\/comments?post=602"}],"version-history":[{"count":0,"href":"https:\/\/lazaros.ca\/fr\/wp-json\/wp\/v2\/pages\/602\/revisions"}],"wp:featuredmedia":[{"embeddable":true,"href":"https:\/\/lazaros.ca\/fr\/wp-json\/wp\/v2\/media\/199"}],"wp:attachment":[{"href":"https:\/\/lazaros.ca\/fr\/wp-json\/wp\/v2\/media?parent=602"}],"curies":[{"name":"wp","href":"https:\/\/api.w.org\/{rel}","templated":true}]}}