{"id":606,"date":"2017-07-03T07:15:03","date_gmt":"2017-07-03T07:15:03","guid":{"rendered":"https:\/\/lazaros.ca\/test\/french-website\/wordpress\/?page_id=606"},"modified":"2018-12-14T21:20:31","modified_gmt":"2018-12-14T21:20:31","slug":"pare-brise","status":"publish","type":"page","link":"https:\/\/lazaros.ca\/fr\/pare-brise\/","title":{"rendered":"Pare-Brise"},"content":{"rendered":"<div><strong>Remplacement et R\u00e9paration des Pare-Brise<\/strong><\/div>\n<div>\n<\/div>\n<div id=\"wb_Text6\"><strong>Remplacement du Pare-Brise<\/strong><\/div>\n<div id=\"wb_Text6\" style=\"text-align: justify;\">\n<p>Le pare-brise est une pi\u00e8ce importante de l\u2019int\u00e9grit\u00e9 structurelle de votre v\u00e9hicule. Si votre pare-brise est craqu\u00e9, voil\u00e0 une bonne raison pour effectuer sonremplacement complet. Vous pouvez demander le remplacement aupr\u00e8s de votre assureur ou l\u2019acheter directement aupr\u00e8s de notre entreprise si vous \u00eates pr\u00e9occup\u00e9 de faire une r\u00e9clamation sur votre police d\u2019assurances.<\/p>\n<p><strong>R\u00e9paration du Pare-Brise<\/strong><\/p>\n<p>Les nouvelles technologies permettent \u00e0 pr\u00e9sent de r\u00e9parer les pare-brise qui dans le pass\u00e9 aurait d\u00fb \u00eatre remplac\u00e9. Une nouvelle question se pose \u00abquand dois-je r\u00e9parer ou remplacer mon pare-brise?&#8221;. La r\u00e9paration du pare-brise d\u00e9pend de l&#8217;emplacement, la taille et la gravit\u00e9 de la fissure. Nos techniciens peuvent g\u00e9n\u00e9ralement corriger un \u00e9clat de la grosseur d\u2019une pi\u00e8ce de 25 cents et des fissures jusqu&#8217;\u00e0 3 pouces. Si la fissure ou l\u2019\u00e9clat d\u00e9passe ces dimensions, nous recommandons le remplacement complet du pare-brise car m\u00eame les meilleures techniques peuvent parfois laisser une trace dans le pare-brise. Chaque bris doit donc \u00eatre \u00e9valu\u00e9 s\u00e9par\u00e9ment.<\/p>\n<p><strong>Remplacement de la lunette arri\u00e8re<\/strong><\/p>\n<p>Un bris de la lunette arri\u00e8re arrive moins souvent mais \u00e7a arrive. Les collisions demeurent la raison principale et le vandalisme arrive en second. Aucun probl\u00e8me, apportez votre v\u00e9hicule et notre personnel aspirera les d\u00e9bris de verre et s\u2019assurera que votre lunette arri\u00e8re soit install\u00e9e comme une neuve !<\/p>\n<p><strong>Remplacement d\u2019une vitre lat\u00e9rale<\/strong><\/p>\n<p>Les collisions et le vol sont trop fr\u00e9quents dans la grande r\u00e9gion montr\u00e9alaise. Voil\u00e0 pourquoi nous rempla\u00e7ons souvent des vitres lat\u00e9rales sur les v\u00e9hicules.Le travail de remplacement de ce type de vitre est plus intensif car il demande le d\u00e9montage de la porti\u00e8re . &#8230; mais pas de panique ! Ce n\u2019est pas votre probl\u00e8me apr\u00e8s tout. Laissez-nous votre v\u00e9hicule et quand vous reviendrez, il sera comme neuf. Nous pouvons \u00e9galement g\u00e9rer le processus de r\u00e9clamation aupr\u00e8s de votre assureur.<\/p>\n<p><strong>R\u00e9clamation d\u2019assurances<\/strong><\/p>\n<p>Gr\u00e2ce \u00e0 ses nombreuses ann\u00e9es d&#8217;exp\u00e9rience dans le domaine de la r\u00e9paration de carrosserie, Lazaros Auto Body a cr\u00e9\u00e9 des des liens et travaille donc en \u00e9troite collaboration avec la majorit\u00e9s des grandes compagnies d&#8217;assurances, ce qui lui permet de simplifier le processus lors de la r\u00e9clamation aupr\u00e8s de votre compagnie d\u2019assurances. Vous obtiendrez un remplacement ou une r\u00e9paration juste et \u00e9quitable de votre pare-brise, vitre lat\u00e9rale ou de la lunette arri\u00e8re de votre v\u00e9hicule selon les sp\u00e9cifications du constructeur (OEM).<\/p>\n<\/div>\n","protected":false},"excerpt":{"rendered":"<p>Remplacement et R\u00e9paration des Pare-Brise Remplacement du Pare-Brise Le pare-brise est une pi\u00e8ce importante de l\u2019int\u00e9grit\u00e9 structurelle de votre v\u00e9hicule. Si votre pare-brise est craqu\u00e9, voil\u00e0 une bonne raison pour effectuer sonremplacement complet. Vous pouvez demander le remplacement aupr\u00e8s de votre assureur ou l\u2019acheter directement aupr\u00e8s de notre entreprise si\u2026<\/p>\n<p class=\"continue-reading-button\"> <a class=\"continue-reading-link\" href=\"https:\/\/lazaros.ca\/fr\/pare-brise\/\">continuer la lecture<i class=\"crycon-right-dir\"><\/i><\/a><\/p>\n","protected":false},"author":2,"featured_media":199,"parent":0,"menu_order":0,"comment_status":"closed","ping_status":"open","template":"templates\/template-twocolumns-right.php","meta":{"footnotes":""},"class_list":["post-606","page","type-page","status-publish","has-post-thumbnail","hentry"],"_links":{"self":[{"href":"https:\/\/lazaros.ca\/fr\/wp-json\/wp\/v2\/pages\/606","targetHints":{"allow":["GET"]}}],"collection":[{"href":"https:\/\/lazaros.ca\/fr\/wp-json\/wp\/v2\/pages"}],"about":[{"href":"https:\/\/lazaros.ca\/fr\/wp-json\/wp\/v2\/types\/page"}],"author":[{"embeddable":true,"href":"https:\/\/lazaros.ca\/fr\/wp-json\/wp\/v2\/users\/2"}],"replies":[{"embeddable":true,"href":"https:\/\/lazaros.ca\/fr\/wp-json\/wp\/v2\/comments?post=606"}],"version-history":[{"count":0,"href":"https:\/\/lazaros.ca\/fr\/wp-json\/wp\/v2\/pages\/606\/revisions"}],"wp:featuredmedia":[{"embeddable":true,"href":"https:\/\/lazaros.ca\/fr\/wp-json\/wp\/v2\/media\/199"}],"wp:attachment":[{"href":"https:\/\/lazaros.ca\/fr\/wp-json\/wp\/v2\/media?parent=606"}],"curies":[{"name":"wp","href":"https:\/\/api.w.org\/{rel}","templated":true}]}}