{"id":71,"date":"2015-04-07T13:15:22","date_gmt":"2015-04-07T13:15:22","guid":{"rendered":"http:\/\/lazaros.ca\/new\/?page_id=71"},"modified":"2018-12-14T16:05:58","modified_gmt":"2018-12-14T16:05:58","slug":"reparation-des-collisions","status":"publish","type":"page","link":"https:\/\/lazaros.ca\/fr\/reparation-des-collisions\/","title":{"rendered":"R\u00e9paration des collisions"},"content":{"rendered":"<div id=\"wb_Text5\"><strong>R\u00e9paration apr\u00e8s collision<\/strong><\/div>\n<div id=\"wb_Text6\" style=\"text-align:justify\">\n<p>Cela arrive au meilleur d&#8217;entre nous, chez Carrosserie Lazaros nous avons entendu toutes ces histoires se finissant par un client oblig\u00e9 de faire r\u00e9parer la carrosserie de son v\u00e9hicule accident\u00e9.<\/p>\n<p>&#8220;Nous attendions \u00e0 une lumi\u00e8re et quelqu&#8217;un a frapp\u00e9 ma voiture&#8221;, &#8220;j&#8217;ai frapp\u00e9 une plaque de glace et avant que je le r\u00e9alise, j\u2019avais perdu le contr\u00f4le et je me suis retrouv\u00e9 dans un lampadaire&#8221;, &#8220;Ma voiture \u00e9tait gar\u00e9e au centre d\u2019achat et quelqu&#8217;un l\u2019a \u00e9gratign\u00e9 avec une clef &#8220;.<\/p>\n<p>Peu importe la situation ou le type de dommage, nous avons l&#8217;\u00e9quipe pour g\u00e9rer efficacement la r\u00e9paration de votre v\u00e9hicule accident\u00e9 et ce, peu importe la gravit\u00e9.<\/p>\n<p>On ne r\u00e9pare pas la carrosserie d\u2019un v\u00e9hicule simplement avec du mastic et en vaporisant de la peinture. La r\u00e9paration apr\u00e8s-collision doit avant tout restaurer l&#8217;int\u00e9grit\u00e9 structurelle de votre v\u00e9hicule. Un rien comme l\u2019installation inad\u00e9quate du pare-brise peut compromettre votre s\u00e9curit\u00e9 en cas d&#8217;accident, c&#8217;est pourquoi il est important de faire confiance \u00e0 une entreprise qui connait les meilleures techniques de r\u00e9paration de carrosserie exig\u00e9es par l\u2019industrie, en conformit\u00e9 aux normes OEM.<\/p>\n<\/div>\n","protected":false},"excerpt":{"rendered":"<p>R\u00e9paration apr\u00e8s collision Cela arrive au meilleur d&#8217;entre nous, chez Carrosserie Lazaros nous avons entendu toutes ces histoires se finissant par un client oblig\u00e9 de faire r\u00e9parer la carrosserie de son v\u00e9hicule accident\u00e9. &#8220;Nous attendions \u00e0 une lumi\u00e8re et quelqu&#8217;un a frapp\u00e9 ma voiture&#8221;, &#8220;j&#8217;ai frapp\u00e9 une plaque de glace\u2026<\/p>\n<p class=\"continue-reading-button\"> <a class=\"continue-reading-link\" href=\"https:\/\/lazaros.ca\/fr\/reparation-des-collisions\/\">continuer la lecture<i class=\"crycon-right-dir\"><\/i><\/a><\/p>\n","protected":false},"author":2,"featured_media":199,"parent":0,"menu_order":0,"comment_status":"closed","ping_status":"open","template":"templates\/template-twocolumns-right.php","meta":{"footnotes":""},"class_list":["post-71","page","type-page","status-publish","has-post-thumbnail","hentry"],"_links":{"self":[{"href":"https:\/\/lazaros.ca\/fr\/wp-json\/wp\/v2\/pages\/71","targetHints":{"allow":["GET"]}}],"collection":[{"href":"https:\/\/lazaros.ca\/fr\/wp-json\/wp\/v2\/pages"}],"about":[{"href":"https:\/\/lazaros.ca\/fr\/wp-json\/wp\/v2\/types\/page"}],"author":[{"embeddable":true,"href":"https:\/\/lazaros.ca\/fr\/wp-json\/wp\/v2\/users\/2"}],"replies":[{"embeddable":true,"href":"https:\/\/lazaros.ca\/fr\/wp-json\/wp\/v2\/comments?post=71"}],"version-history":[{"count":0,"href":"https:\/\/lazaros.ca\/fr\/wp-json\/wp\/v2\/pages\/71\/revisions"}],"wp:featuredmedia":[{"embeddable":true,"href":"https:\/\/lazaros.ca\/fr\/wp-json\/wp\/v2\/media\/199"}],"wp:attachment":[{"href":"https:\/\/lazaros.ca\/fr\/wp-json\/wp\/v2\/media?parent=71"}],"curies":[{"name":"wp","href":"https:\/\/api.w.org\/{rel}","templated":true}]}}