{"id":74,"date":"2015-04-07T13:16:28","date_gmt":"2015-04-07T13:16:28","guid":{"rendered":"http:\/\/lazaros.ca\/new\/?page_id=74"},"modified":"2018-12-14T21:08:08","modified_gmt":"2018-12-14T21:08:08","slug":"reparations-de-cadres","status":"publish","type":"page","link":"https:\/\/lazaros.ca\/fr\/reparations-de-cadres\/","title":{"rendered":"R\u00e9paration du cadre"},"content":{"rendered":"<div id=\"wb_Text5\"><strong>R\u00e9paration d&#8217;accident \u00e0 Montreal<\/strong><\/div>\n<div id=\"wb_Text6\" style=\"text-align: justify;\">\n<p>Cela arrive aux meilleurs d&#8217;entre nous, chez Lazaros Auto Body, nous avons entendu toutes les histoires qui ont abouti \u00e0 ce que des clients exigent des r\u00e9parations de carrosserie. \u201cNous \u00e9tions assis \u00e0 une lumi\u00e8re et quelqu&#8217;un a heurt\u00e9 ma voiture\u201d, \u201cJ&#8217;ai heurt\u00e9 une plaque de glace et avant m\u00eame que je le sache, la voiture j&#8217;ai perdu la ma\u00eetrise et frapp\u00e9 un lampadaire\u201d, \u201cMa voiture \u00e9tait au centre commercial et quelqu&#8217;un a \u00e9gratigner tout le c\u00f4t\u00e9 de la voiture\u201d.<\/p>\n<p>Quelle que soit la situation ou les dommages caus\u00e9s \u00e0 votre v\u00e9hicule, nous avons l\u2019\u00e9quipe qui s\u2019occupe de vos r\u00e9parations, m\u00eame les plus graves. Les r\u00e9parations de carrosserie ne sont pas aussi simples que de jeter du mastic et de la peinture en a\u00e9rosol. Les r\u00e9parations par collision restaurent l&#8217;int\u00e9grit\u00e9 structurelle de votre voiture. Des choses simples comme un pare-brise mal install\u00e9 peuvent compromettre votre s\u00e9curit\u00e9 en cas d&#8217;accident. C&#8217;est pourquoi il est important de faire confiance \u00e0 une entreprise qui comprend le type de services de carrosserie requis pour ramener votre voiture aux sp\u00e9cifications du constructeur.<\/p>\n<p><strong>R\u00e9parations de cadre automobile \u00e0 Montreal<br \/>\n<\/strong><br \/>\nSi votre voiture n\u00e9cessite une r\u00e9paration du cadre, il est probable que vous ayez eu un accident majeur. Les r\u00e9parations de ch\u00e2ssis monocorps n\u00e9cessitent une machine sp\u00e9ciale appel\u00e9e \u00abmachine \u00e0 redresser le cadre de voiture\u00bb ou \u00abredresseur de ch\u00e2ssis\u00bb. C\u2019est la partie essentielle de l\u2019\u00e9quipement du syst\u00e8me de r\u00e9paration par collision et elle est n\u00e9cessaire non seulement pour ramener la voiture \u00e0 sa longueur initiale, mais parfois pour redresser les impacts lat\u00e9raux, il faut une capacit\u00e9 de traction \u00e0 360 degr\u00e9s. Les dommages dus \u00e0 un accident majeur peuvent \u00eatre r\u00e9par\u00e9s avec un alignement correct du cadre, mais des r\u00e9parations incorrectes du ch\u00e2ssis peuvent entra\u00eener des difficult\u00e9s d&#8217;alignement des roues et une usure anormale des pneus.<\/p>\n<p><strong>R\u00e9clamation D&#8217;Assurance Automobile<\/strong><\/p>\n<p>Lazaros Auto Body s\u2019occupe des r\u00e9clamations d\u2019assurance automobile depuis plus de 25 ans. Toutes les r\u00e9clamations \u00e9tant uniques, il est important de faire appel \u00e0 un atelier de r\u00e9paration de carrosserie ayant des relations avec les experts aux r\u00e9clamations. Plusieurs fois, une fois le travail commenc\u00e9, des dommages collat\u00e9raux sur les panneaux et des pi\u00e8ces d\u00e9couvertes n\u2019ont pas pu \u00eatre constat\u00e9s lors de la premi\u00e8re inspection et l\u2019expert en assurances doit \u00eatre rappel\u00e9 pour examiner le probl\u00e8me et allouer des fonds suppl\u00e9mentaires. La premi\u00e8re \u00e9tape d&#8217;une r\u00e9clamation pour accident de voiture consiste \u00e0 organiser un remorquage dans le garage ou \u00e0 appeler votre compagnie d&#8217;assurance pour l&#8217;informer de l&#8217;accident afin de lui envoyer un expert en \u00e9valuation pour \u00e9valuer les dommages. En fonction de votre couverture, certains clients peuvent obtenir des voitures de remplacement et d\u2019autres, nous fournissons une voiture de courtoisie. De l\u00e0, notre personnel amical s\u2019attache \u00e0 ramener votre voiture \u00e0 son \u00e9tat d\u2019origine ou mieux.<\/p>\n<p><strong><em>Exemples de compagnies d&#8217;assurance automobile<\/em><\/strong>:<\/p>\n<ul>\n<li><strong><em>\u00a0\u00a0 Allstate Canada<\/em><\/strong><\/li>\n<li><strong><em>\u00a0\u00a0 Aviva Canada<\/em><\/strong><\/li>\n<li><strong><em>\u00a0\u00a0 Belair Direct<\/em><\/strong><\/li>\n<li><strong><em>\u00a0 \u00a0Assurances Automobile Desjardins<\/em><\/strong><\/li>\n<li><strong><em>\u00a0\u00a0 Intact Assurance<\/em><\/strong><\/li>\n<li><strong><em>\u00a0\u00a0 La Capitale<\/em><\/strong><\/li>\n<li><strong><em>\u00a0\u00a0 TD Assurance<\/em><\/strong><\/li>\n<\/ul>\n<p><strong><br \/>\nRemorquage apr\u00e8s collision<br \/>\n<\/strong><br \/>\nVotre voiture a donc \u00e9t\u00e9 accident\u00e9e et est immobile, ou vous l\u2019avez ramen\u00e9e \u00e0 la maison seulement pour d\u00e9couvrir qu\u2019elle ne d\u00e9marrera pas le lendemain. Pas de probl\u00e8me, vous avez plusieurs options. Lorsque le chauffeur de la d\u00e9panneuse vient lui demander de remorquer la voiture vers Lazaros Auto Body situ\u00e9 \u00e0 l&#8217;adresse suivante:<br \/>\n<strong><br \/>\nLazaros Autobody, 5449 Avenue Royalmount, Mont-Royal, QC H4P 2J8<\/strong><\/p>\n<p>Vous pouvez \u00e9galement nous contacter directement et nous organiserons le remorquage vers notre \u00e9tablissement:<\/p>\n<p><strong>T\u00e9l\u00e9phone: (514) 994-6391 or ou \u00e9crivez-nous \u00e0 <a href=\"mailto:info@lazaros.ca\">info@lazaros.ca<\/a><br \/>\n<\/strong><br \/>\nS&#8217;il vous pla\u00eet laissez-nous savoir si vous avez une traction arri\u00e8re, 4 roues motrices, AWD, ou une moto car ces v\u00e9hicules n\u00e9cessitent g\u00e9n\u00e9ralement un remorquage \u00e0 plat ou des consid\u00e9rations sp\u00e9ciales.<\/p>\n<\/div>\n","protected":false},"excerpt":{"rendered":"<p>R\u00e9paration d&#8217;accident \u00e0 Montreal Cela arrive aux meilleurs d&#8217;entre nous, chez Lazaros Auto Body, nous avons entendu toutes les histoires qui ont abouti \u00e0 ce que des clients exigent des r\u00e9parations de carrosserie. \u201cNous \u00e9tions assis \u00e0 une lumi\u00e8re et quelqu&#8217;un a heurt\u00e9 ma voiture\u201d, \u201cJ&#8217;ai heurt\u00e9 une plaque de\u2026<\/p>\n<p class=\"continue-reading-button\"> <a class=\"continue-reading-link\" href=\"https:\/\/lazaros.ca\/fr\/reparations-de-cadres\/\">continuer la lecture<i class=\"crycon-right-dir\"><\/i><\/a><\/p>\n","protected":false},"author":2,"featured_media":199,"parent":0,"menu_order":0,"comment_status":"closed","ping_status":"open","template":"templates\/template-twocolumns-right.php","meta":{"footnotes":""},"class_list":["post-74","page","type-page","status-publish","has-post-thumbnail","hentry"],"_links":{"self":[{"href":"https:\/\/lazaros.ca\/fr\/wp-json\/wp\/v2\/pages\/74","targetHints":{"allow":["GET"]}}],"collection":[{"href":"https:\/\/lazaros.ca\/fr\/wp-json\/wp\/v2\/pages"}],"about":[{"href":"https:\/\/lazaros.ca\/fr\/wp-json\/wp\/v2\/types\/page"}],"author":[{"embeddable":true,"href":"https:\/\/lazaros.ca\/fr\/wp-json\/wp\/v2\/users\/2"}],"replies":[{"embeddable":true,"href":"https:\/\/lazaros.ca\/fr\/wp-json\/wp\/v2\/comments?post=74"}],"version-history":[{"count":0,"href":"https:\/\/lazaros.ca\/fr\/wp-json\/wp\/v2\/pages\/74\/revisions"}],"wp:featuredmedia":[{"embeddable":true,"href":"https:\/\/lazaros.ca\/fr\/wp-json\/wp\/v2\/media\/199"}],"wp:attachment":[{"href":"https:\/\/lazaros.ca\/fr\/wp-json\/wp\/v2\/media?parent=74"}],"curies":[{"name":"wp","href":"https:\/\/api.w.org\/{rel}","templated":true}]}}