{"id":779,"date":"2017-07-03T09:14:33","date_gmt":"2017-07-03T09:14:33","guid":{"rendered":"https:\/\/lazaros.ca\/test\/french-website\/wordpress\/?page_id=779"},"modified":"2018-12-14T21:18:24","modified_gmt":"2018-12-14T21:18:24","slug":"contact","status":"publish","type":"page","link":"https:\/\/lazaros.ca\/fr\/contact\/","title":{"rendered":"Contact"},"content":{"rendered":"<div id=\"wb_Text6\" style=\"text-align: justify;\">Avez-vous besoin d&#8217;un atelier de carrosserie pour la r\u00e9paration de carrosserie?<br \/>\nLazaros Autobody peut vous fournir l&#8217;assistance dont vous avez besoin pour une r\u00e9paration d&#8217;accident automobile. Appeler \u00e0 Lazaros Amanatidis pour organiser les r\u00e9parations du remorquage initial \u00e0 la demande d&#8217;assurance.<\/div>\n<div><\/div>\n<div id=\"wb_Text2\"><strong><strong>t: (514) 994-6391<br \/>\ne: <a href=\"mailto:info@lazaros.ca\">info@lazaros.ca<\/a><\/strong><\/strong><\/div>\n<div>5449 Avenue Royalmount,<br \/>\nMont-Royal, QC H4P 1V4<br \/>\nCanada<\/div>\n<div><\/div>\n<div>\n<div class=\"wpcf7 no-js\" id=\"wpcf7-f863-o1\" lang=\"en-US\" dir=\"ltr\" data-wpcf7-id=\"863\">\n<div class=\"screen-reader-response\"><p role=\"status\" aria-live=\"polite\" aria-atomic=\"true\"><\/p> <ul><\/ul><\/div>\n<form action=\"\/fr\/wp-json\/wp\/v2\/pages\/779#wpcf7-f863-o1\" method=\"post\" class=\"wpcf7-form init\" aria-label=\"Contact form\" novalidate=\"novalidate\" data-status=\"init\">\n<fieldset class=\"hidden-fields-container\"><input type=\"hidden\" name=\"_wpcf7\" value=\"863\" \/><input type=\"hidden\" name=\"_wpcf7_version\" value=\"6.1.2\" \/><input type=\"hidden\" name=\"_wpcf7_locale\" value=\"en_US\" \/><input type=\"hidden\" name=\"_wpcf7_unit_tag\" value=\"wpcf7-f863-o1\" \/><input type=\"hidden\" name=\"_wpcf7_container_post\" value=\"0\" \/><input type=\"hidden\" name=\"_wpcf7_posted_data_hash\" value=\"\" \/><input type=\"hidden\" name=\"_wpcf7_recaptcha_response\" value=\"\" \/>\n<\/fieldset>\n<p><label>Nom (obligatoires)<br \/>\n<span class=\"wpcf7-form-control-wrap\" data-name=\"your-name\"><input size=\"40\" maxlength=\"400\" class=\"wpcf7-form-control wpcf7-text wpcf7-validates-as-required\" aria-required=\"true\" aria-invalid=\"false\" value=\"\" type=\"text\" name=\"your-name\" \/><\/span> <\/label>\n<\/p>\n<p><label>Courriel (obligatoires)<br \/>\n<span class=\"wpcf7-form-control-wrap\" data-name=\"your-email\"><input size=\"40\" maxlength=\"400\" class=\"wpcf7-form-control wpcf7-email wpcf7-validates-as-required wpcf7-text wpcf7-validates-as-email\" aria-required=\"true\" aria-invalid=\"false\" value=\"\" type=\"email\" name=\"your-email\" \/><\/span> <\/label>\n<\/p>\n<p><label> Sujet<br \/>\n<span class=\"wpcf7-form-control-wrap\" data-name=\"your-subject\"><input size=\"40\" maxlength=\"400\" class=\"wpcf7-form-control wpcf7-text\" aria-invalid=\"false\" value=\"\" type=\"text\" name=\"your-subject\" \/><\/span> <\/label>\n<\/p>\n<p><label> Message<br \/>\n<span class=\"wpcf7-form-control-wrap\" data-name=\"your-message\"><textarea cols=\"40\" rows=\"10\" maxlength=\"2000\" class=\"wpcf7-form-control wpcf7-textarea\" aria-invalid=\"false\" name=\"your-message\"><\/textarea><\/span> <\/label>\n<\/p>\n<p><input class=\"wpcf7-form-control wpcf7-submit has-spinner\" type=\"submit\" value=\"Soumettre\" \/>\n<\/p><p style=\"display: none !important;\" class=\"akismet-fields-container\" data-prefix=\"_wpcf7_ak_\"><label>&#916;<textarea name=\"_wpcf7_ak_hp_textarea\" cols=\"45\" rows=\"8\" maxlength=\"100\"><\/textarea><\/label><input type=\"hidden\" id=\"ak_js_1\" name=\"_wpcf7_ak_js\" value=\"94\"\/><script type=\"text\/javascript\">\n\/* <![CDATA[ *\/\ndocument.getElementById( \"ak_js_1\" ).setAttribute( \"value\", ( new Date() ).getTime() );\n\/* ]]> *\/\n<\/script>\n<\/p><div class=\"wpcf7-response-output\" aria-hidden=\"true\"><\/div>\n<\/form>\n<\/div>\n<\/div>\n","protected":false},"excerpt":{"rendered":"<p>Avez-vous besoin d&#8217;un atelier de carrosserie pour la r\u00e9paration de carrosserie? Lazaros Autobody peut vous fournir l&#8217;assistance dont vous avez besoin pour une r\u00e9paration d&#8217;accident automobile. Appeler \u00e0 Lazaros Amanatidis pour organiser les r\u00e9parations du remorquage initial \u00e0 la demande d&#8217;assurance. t: (514) 994-6391 e: info@lazaros.ca 5449 Avenue Royalmount, Mont-Royal,\u2026<\/p>\n<p class=\"continue-reading-button\"> <a class=\"continue-reading-link\" href=\"https:\/\/lazaros.ca\/fr\/contact\/\">continuer la lecture<i class=\"crycon-right-dir\"><\/i><\/a><\/p>\n","protected":false},"author":2,"featured_media":199,"parent":0,"menu_order":0,"comment_status":"closed","ping_status":"open","template":"","meta":{"footnotes":""},"class_list":["post-779","page","type-page","status-publish","has-post-thumbnail","hentry"],"_links":{"self":[{"href":"https:\/\/lazaros.ca\/fr\/wp-json\/wp\/v2\/pages\/779","targetHints":{"allow":["GET"]}}],"collection":[{"href":"https:\/\/lazaros.ca\/fr\/wp-json\/wp\/v2\/pages"}],"about":[{"href":"https:\/\/lazaros.ca\/fr\/wp-json\/wp\/v2\/types\/page"}],"author":[{"embeddable":true,"href":"https:\/\/lazaros.ca\/fr\/wp-json\/wp\/v2\/users\/2"}],"replies":[{"embeddable":true,"href":"https:\/\/lazaros.ca\/fr\/wp-json\/wp\/v2\/comments?post=779"}],"version-history":[{"count":0,"href":"https:\/\/lazaros.ca\/fr\/wp-json\/wp\/v2\/pages\/779\/revisions"}],"wp:featuredmedia":[{"embeddable":true,"href":"https:\/\/lazaros.ca\/fr\/wp-json\/wp\/v2\/media\/199"}],"wp:attachment":[{"href":"https:\/\/lazaros.ca\/fr\/wp-json\/wp\/v2\/media?parent=779"}],"curies":[{"name":"wp","href":"https:\/\/api.w.org\/{rel}","templated":true}]}}