{"id":91,"date":"2015-04-07T16:40:03","date_gmt":"2015-04-07T16:40:03","guid":{"rendered":"http:\/\/lazaros.ca\/new\/?page_id=91"},"modified":"2018-12-14T21:31:32","modified_gmt":"2018-12-14T21:31:32","slug":"travaux-de-peinture-auto","status":"publish","type":"page","link":"https:\/\/lazaros.ca\/fr\/travaux-de-peinture-auto\/","title":{"rendered":"Travaux de peinture automobile"},"content":{"rendered":"<div id=\"wb_Text5\"><strong>Atelier de peinture auto de Montr\u00e9al<\/strong><\/div>\n<div id=\"wb_Text6\" style=\"text-align: justify;\">\u00c0 moins que vous ne conduisiez une Saturne avec des panneaux thermoplastiques, la plupart des voitures souffrent des hivers montr\u00e9alais. Nos nids de poule l\u00e9gendaires ne sont pas les seuls \u00e0 endommager les v\u00e9hicules, le sel est l\u2019agent corrosif par excellence qui permet \u00e0 la rouille d\u2019envahir la carrosserie de votre v\u00e9hicule. Il est donc primordial de r\u00e9parer les \u00e9gratignures avant l\u2019hiver pour \u00e9viter le remplacement de panneaux et des r\u00e9parations encore plus co\u00fbteuses.Quand une \u00e9gratignure sur votre voiture n\u2019est pas trait\u00e9e, le sel \u00e9pandu sur la route ronge le m\u00e9tal expos\u00e9 et le gruge de l\u2019int\u00e9rieur. Pour garder votre v\u00e9hicule en parfait \u00e9tat, l\u2019entretien appropri\u00e9 comprend une nouvelle peinture du panneau \u00e9gratign\u00e9 ou au minimum un scellant pour le prot\u00e9ger contre les \u00e9l\u00e9ments ext\u00e9rieurs. <strong><br \/>\n<\/strong><br \/>\nAu fil des ans, les roches, \u00e9clats, \u00e9gratignures, bosses et le soleil font des ravages sur votre v\u00e9hicule. Un propri\u00e9taire de v\u00e9hicule avis\u00e9 r\u00e9alisera un jour que des travaux de peinture complets sont n\u00e9cessaires pour redonner un look attrayant \u00e0 son v\u00e9hicule.En apportant des travaux de peinture complet \u00e0 votre v\u00e9hicule, vous lui ajouterez de nombreuses ann\u00e9es de vie suppl\u00e9mentaires. Vous pouvez faire confiance \u00e0 Lazaros Auto Body pour restaurer la couleur depeinture d\u2019origine de votre v\u00e9hicule ou m\u00eame pour en changer la couleur selon une nuance de r\u00eav\u00e9e. Travaux de peinture de voiture complet peut \u00eatre faitd\u2019une restauration image ou nous pouvons \u00e9liminer tous les accessoires de votre voiture pour faire juste. Nous avons des ann\u00e9es d\u2019exp\u00e9rience dans l\u2019application de vernis transparents (clear coat) ou des rev\u00eatement difficiles \u00e0 appliquer comme le Imron, les finis m\u00e9talliques ou mats.<\/p>\n<div id=\"wb_Text2\">\n<ul>\n<li><strong>Vernis de protection (clear coat)<\/strong><\/li>\n<li><strong>Peinture de finition matte ou autres<\/strong><\/li>\n<li><strong>Peinture DuPont Imron<\/strong><\/li>\n<li><strong>Finitions paillettes m\u00e9talliques<\/strong><\/li>\n<\/ul>\n<\/div>\n<p><strong>R\u00e9paration de la rouille<\/strong><\/p>\n<p>Bon, le bas de votre v\u00e9hicule est trou\u00e9, la rouille a perfor\u00e9 un panneau. Pas de panique ! Nous sommes des sp\u00e9cialistes de l\u2019utilisation de patchs m\u00e9talliques et du remplacement des panneaux de carrosserie pour r\u00e9parer les dommages caus\u00e9s par la rouille.<br \/>\nQu\u2019est-ce qu\u2019un patch m\u00e9tallique ? Un patch m\u00e9tallique est une nouvelle pi\u00e8ce de m\u00e9tal d\u00e9coup\u00e9e et soud\u00e9e \u00e0 la carrosserie pour recouvrir le trou laiss\u00e9 par la rouille. Certains ateliers de carrosserie coupent les coins ronds et remplissent ces trous avec du mastic ou du fibre de verre. L\u2019exp\u00e9rience nous a appris que cette solution rapide et b\u00e2cl\u00e9e finit par ramener la rouille dans les 6 mois. Le patch m\u00e9tallique ou le remplacement du panneau sont les fa\u00e7ons de faire pour obtenir une r\u00e9paration permanente.<\/p>\n<p><strong>Travaux de peinture pour moto<\/strong><\/p>\n<p>C\u2019est l\u2019hiver. La moto dans le garage est us\u00e9e, son look est amoch\u00e9, la peinture est \u00e9gratign\u00e9e \u00e0 de nombreux endroits. Pourquoi ne pas simplement enlever les panneaux et les amener chez Lazaros ? Nous pourrons les rafraichir, les r\u00e9parer ou proc\u00e9der \u00e0 une transformation compl\u00e8te et personnalis\u00e9e selon vos r\u00eaves. Au fil des ann\u00e9es, nous avons r\u00e9par\u00e9 des pi\u00e8ces soit-disant \u201cirr\u00e9parables\u201d et nous avons aussi personnalis\u00e9 des centaines de motos. N\u2019h\u00e9sitez pas \u00e0nous faire parvenir des photos de votre b\u00e9b\u00e9 par courriel. Il nous fera plaisir de vous soumettre une estimation gratuite.<\/p>\n<p><strong>Soins esth\u00e9tiques<\/strong><\/p>\n<p>Un bon entretien esth\u00e9tique de votre v\u00e9hicule lui donnera des ann\u00e9es de vie suppl\u00e9mentaires et qui sait, vous donnera peut-\u00eatre le go\u00fbt de le garder plus longtemps. Il faut porter une attention particuli\u00e8re \u00e0 tous les d\u00e9tails du v\u00e9hicule, autant ext\u00e9rieurs qu\u2019int\u00e9rieurs. Lazaros Auto Body \u2026 la r\u00e9ponse est dans le nom, personne ne conna\u00eet mieux les d\u00e9tails d\u2019un v\u00e9hicule qu\u2019un atelier de carrosserie.<\/p>\n<p>Les diff\u00e9rentes techniques de soins esth\u00e9tiques que nous utilisons vont d\u2019une simple cire \u00e0 un pon\u00e7age humide (compound) pour redonner de l\u2019\u00e9clat \u00e0 \u200b\u200bune peinture oxyd\u00e9e par des ann\u00e9es d\u2019exposition au soleil. En plus des maux de t\u00eate que causent les travaux de construction, ces derniers laissent du goudron ou du ciment coll\u00e9 \u00e0 votre peinture; il faut du doigt\u00e9e pour enlever ces r\u00e9sidus sans endommager la peinture de votre v\u00e9hicule. Nous pouvons \u00e9galement apporter d\u2019autres soins esth\u00e9tiques \u00e0 votre v\u00e9hicule tels que le traitement du cuir, le polissage, un shampoing int\u00e9rieur ou tout simplement un bon m\u00e9nage des petits d\u00e9g\u00e2ts faits par les enfants.<\/p>\n<\/div>\n<div><\/div>\n<div id=\"wb_Text3\">\n<ul>\n<li><strong>Esth\u00e9tique automobile<\/strong><\/li>\n<li><strong>Lustrage<\/strong><\/li>\n<li><strong>Polissage doux et\/ou abrasif<\/strong><\/li>\n<li><strong>Compound<\/strong><\/li>\n<li><strong>Pon\u00e7age humide<\/strong><\/li>\n<li><strong>Cire<\/strong><\/li>\n<li><strong>Traitement du cuir<\/strong><\/li>\n<li><strong>Shampoing des si\u00e8ges et des garnitures<\/strong><\/li>\n<li><strong>Shampoing des tapis<\/strong><\/li>\n<\/ul>\n<\/div>\n","protected":false},"excerpt":{"rendered":"<p>Atelier de peinture auto de Montr\u00e9al \u00c0 moins que vous ne conduisiez une Saturne avec des panneaux thermoplastiques, la plupart des voitures souffrent des hivers montr\u00e9alais. Nos nids de poule l\u00e9gendaires ne sont pas les seuls \u00e0 endommager les v\u00e9hicules, le sel est l\u2019agent corrosif par excellence qui permet \u00e0\u2026<\/p>\n<p class=\"continue-reading-button\"> <a class=\"continue-reading-link\" href=\"https:\/\/lazaros.ca\/fr\/travaux-de-peinture-auto\/\">continuer la lecture<i class=\"crycon-right-dir\"><\/i><\/a><\/p>\n","protected":false},"author":2,"featured_media":199,"parent":0,"menu_order":0,"comment_status":"closed","ping_status":"open","template":"templates\/template-twocolumns-right.php","meta":{"footnotes":""},"class_list":["post-91","page","type-page","status-publish","has-post-thumbnail","hentry"],"_links":{"self":[{"href":"https:\/\/lazaros.ca\/fr\/wp-json\/wp\/v2\/pages\/91","targetHints":{"allow":["GET"]}}],"collection":[{"href":"https:\/\/lazaros.ca\/fr\/wp-json\/wp\/v2\/pages"}],"about":[{"href":"https:\/\/lazaros.ca\/fr\/wp-json\/wp\/v2\/types\/page"}],"author":[{"embeddable":true,"href":"https:\/\/lazaros.ca\/fr\/wp-json\/wp\/v2\/users\/2"}],"replies":[{"embeddable":true,"href":"https:\/\/lazaros.ca\/fr\/wp-json\/wp\/v2\/comments?post=91"}],"version-history":[{"count":0,"href":"https:\/\/lazaros.ca\/fr\/wp-json\/wp\/v2\/pages\/91\/revisions"}],"wp:featuredmedia":[{"embeddable":true,"href":"https:\/\/lazaros.ca\/fr\/wp-json\/wp\/v2\/media\/199"}],"wp:attachment":[{"href":"https:\/\/lazaros.ca\/fr\/wp-json\/wp\/v2\/media?parent=91"}],"curies":[{"name":"wp","href":"https:\/\/api.w.org\/{rel}","templated":true}]}}